{"id":9059,"date":"2025-03-05T08:37:28","date_gmt":"2025-03-05T07:37:28","guid":{"rendered":"https:\/\/www.conner-pantyhose.com\/?page_id=9059"},"modified":"2025-03-05T09:21:34","modified_gmt":"2025-03-05T08:21:34","slug":"report-abuse","status":"publish","type":"page","link":"https:\/\/www.conner-pantyhose.com\/de\/report-abuse\/","title":{"rendered":"Missbrauch melden"},"content":{"rendered":"<p><\/p>\n<h2 style=\"text-align: center; font-size: 24px; line-height: 30px;\"><span style=\"color: #000000;\">Missbrauch melden<\/span><\/h2>\n<p>Richtlinie zur Missbrauchsmeldung: Conner Pantyhose ist Eigent\u00fcmer und Betreiber von conner-pantyhose.com und allen angeschlossenen Websites und zugeh\u00f6rigen mobilen Versionen. Wir stellen Ihnen ein robustes System zur Verf\u00fcgung, mit dem Sie Verst\u00f6\u00dfe gegen unsere Nutzervereinbarung sowie illegale oder nicht einvernehmliche Inhalte melden k\u00f6nnen. Wir beabsichtigen, dieses System so effizient und schnell wie m\u00f6glich auf faire und vern\u00fcnftige Weise zu betreiben. Wir bem\u00fchen uns, alle Meldungen innerhalb von sieben (7) Werktagen zu l\u00f6sen und klare Richtlinien bereitzustellen, um zu verhindern, dass Probleme erneut auftreten. Liegt ein Versto\u00df vor, ermitteln wir die geeigneten Abhilfema\u00dfnahmen und ergreifen die erforderlichen Ma\u00dfnahmen. Als rechtswidrig erachtete Inhalte werden umgehend entfernt. Sofern Streitigkeiten \u00fcber die Einwilligung nicht intern gekl\u00e4rt werden k\u00f6nnen, werden diese auf unsere Kosten einer neutralen Schlichtungsstelle vorgelegt. Sobald eine Ma\u00dfnahme ergriffen wird oder weitere Informationen von Ihnen ben\u00f6tigt werden, werden wir Sie per E-Mail oder einer anderen elektronischen Nachricht kontaktieren.<\/p>\n<h3 style=\"font-size: 20px;\"><span style=\"color: #000000;\">Erforderliche Informationen:<\/span><\/h3>\n<p>\n<div class=\"wpcf7 no-js\" id=\"wpcf7-f9063-o2\" lang=\"en\" dir=\"ltr\" data-wpcf7-id=\"9063\">\n<div class=\"screen-reader-response\"><p role=\"status\" aria-live=\"polite\" aria-atomic=\"true\"><\/p> <ul><\/ul><\/div>\n<form action=\"\/de\/wp-json\/wp\/v2\/pages\/9059#wpcf7-f9063-o2\" method=\"post\" class=\"wpcf7-form init\" aria-label=\"Contact form\" novalidate=\"novalidate\" data-status=\"init\">\n<div style=\"display: none;\">\n<input type=\"hidden\" name=\"_wpcf7\" value=\"9063\" \/>\n<input type=\"hidden\" name=\"_wpcf7_version\" value=\"6.0.4\" \/>\n<input type=\"hidden\" name=\"_wpcf7_locale\" value=\"en\" \/>\n<input type=\"hidden\" name=\"_wpcf7_unit_tag\" value=\"wpcf7-f9063-o2\" \/>\n<input type=\"hidden\" name=\"_wpcf7_container_post\" value=\"0\" \/>\n<input type=\"hidden\" name=\"_wpcf7_posted_data_hash\" value=\"\" \/>\n<\/div>\n<p><label> Name<br \/>\n<span class=\"wpcf7-form-control-wrap\" data-name=\"your-name\"><input size=\"40\" maxlength=\"400\" class=\"wpcf7-form-control wpcf7-text wpcf7-validates-as-required\" autocomplete=\"name\" aria-required=\"true\" aria-invalid=\"false\" value=\"\" type=\"text\" name=\"your-name\" \/><\/span> <\/label>\n<\/p>\n<p><label> Email<br \/>\n<span class=\"wpcf7-form-control-wrap\" data-name=\"your-email\"><input size=\"40\" maxlength=\"400\" class=\"wpcf7-form-control wpcf7-email wpcf7-validates-as-required wpcf7-text wpcf7-validates-as-email\" autocomplete=\"email\" aria-required=\"true\" aria-invalid=\"false\" value=\"\" type=\"email\" name=\"your-email\" \/><\/span> <\/label>\n<\/p>\n<p><label> URL(s) of the Content You Wish to Report<br \/>\n<span class=\"wpcf7-form-control-wrap\" data-name=\"report-urls\"><textarea cols=\"40\" rows=\"10\" maxlength=\"2000\" class=\"wpcf7-form-control wpcf7-textarea wpcf7-validates-as-required\" aria-required=\"true\" aria-invalid=\"false\" name=\"report-urls\"><\/textarea><\/span> <\/label>\n<\/p>\n<p>Are you depicted in this content?<br \/>\n<span class=\"wpcf7-form-control-wrap\" data-name=\"you-depicted\"><span class=\"wpcf7-form-control wpcf7-radio\"><span class=\"wpcf7-list-item first\"><label><input type=\"radio\" name=\"you-depicted\" value=\"Yes\" \/><span class=\"wpcf7-list-item-label\">Yes<\/span><\/label><\/span><span class=\"wpcf7-list-item last\"><label><input type=\"radio\" name=\"you-depicted\" value=\"No\" \/><span class=\"wpcf7-list-item-label\">No<\/span><\/label><\/span><\/span><\/span>\n<\/p>\n<p><label> Briefly describe the issue with this content<br \/>\n<span class=\"wpcf7-form-control-wrap\" data-name=\"report-issue\"><textarea cols=\"40\" rows=\"10\" maxlength=\"2000\" class=\"wpcf7-form-control wpcf7-textarea wpcf7-validates-as-required\" aria-required=\"true\" aria-invalid=\"false\" name=\"report-issue\"><\/textarea><\/span> <\/label>\n<\/p>\n<p><label> By signing below, you certify, under penalty of perjury, that you are the person named in this report and all information provided by you is accurate and complete.<br \/>\n<span class=\"wpcf7-form-control-wrap\" data-name=\"your-name-sign\"><input size=\"40\" maxlength=\"400\" class=\"wpcf7-form-control wpcf7-text wpcf7-validates-as-required\" aria-required=\"true\" aria-invalid=\"false\" placeholder=\"Your Name\" value=\"\" type=\"text\" name=\"your-name-sign\" \/><\/span> <\/label>\n<\/p>\n<p><input class=\"wpcf7-form-control wpcf7-submit has-spinner\" type=\"submit\" value=\"Submit\" \/>\n<\/p><div class=\"wpcf7-response-output\" aria-hidden=\"true\"><\/div>\n<\/form>\n<\/div>\n<\/p>","protected":false},"excerpt":{"rendered":"<p>Missbrauch melden Richtlinie zur Missbrauchsmeldung: Conner Pantyhose ist Eigent\u00fcmer und Betreiber von conner-pantyhose.com und allen angeschlossenen Websites und zugeh\u00f6rigen mobilen Versionen. Wir stellen Ihnen ein robustes System zur Verf\u00fcgung, mit dem Sie Verst\u00f6\u00dfe gegen unsere Nutzervereinbarung sowie illegale oder nicht einvernehmliche Inhalte melden k\u00f6nnen. Wir beabsichtigen, dieses System so effizient und schnell wie m\u00f6glich auf [&hellip;]<\/p>\n","protected":false},"author":8,"featured_media":0,"parent":0,"menu_order":0,"comment_status":"closed","ping_status":"closed","template":"","meta":{"footnotes":""},"class_list":["post-9059","page","type-page","status-publish","hentry"],"_links":{"self":[{"href":"https:\/\/www.conner-pantyhose.com\/de\/wp-json\/wp\/v2\/pages\/9059","targetHints":{"allow":["GET"]}}],"collection":[{"href":"https:\/\/www.conner-pantyhose.com\/de\/wp-json\/wp\/v2\/pages"}],"about":[{"href":"https:\/\/www.conner-pantyhose.com\/de\/wp-json\/wp\/v2\/types\/page"}],"author":[{"embeddable":true,"href":"https:\/\/www.conner-pantyhose.com\/de\/wp-json\/wp\/v2\/users\/8"}],"replies":[{"embeddable":true,"href":"https:\/\/www.conner-pantyhose.com\/de\/wp-json\/wp\/v2\/comments?post=9059"}],"version-history":[{"count":9,"href":"https:\/\/www.conner-pantyhose.com\/de\/wp-json\/wp\/v2\/pages\/9059\/revisions"}],"predecessor-version":[{"id":9071,"href":"https:\/\/www.conner-pantyhose.com\/de\/wp-json\/wp\/v2\/pages\/9059\/revisions\/9071"}],"wp:attachment":[{"href":"https:\/\/www.conner-pantyhose.com\/de\/wp-json\/wp\/v2\/media?parent=9059"}],"curies":[{"name":"wp","href":"https:\/\/api.w.org\/{rel}","templated":true}]}}