{"id":8393,"date":"2022-09-30T17:28:34","date_gmt":"2022-09-30T15:28:34","guid":{"rendered":"https:\/\/www.conner-pantyhose.com\/?page_id=8393"},"modified":"2022-10-05T15:40:33","modified_gmt":"2022-10-05T13:40:33","slug":"complaints-policies","status":"publish","type":"page","link":"https:\/\/www.conner-pantyhose.com\/de\/complaints-policies\/","title":{"rendered":"Beschwerden"},"content":{"rendered":"<p><FONT SIZE=\"+1\"><br \/>Conner Pantyhose ist der Eigent\u00fcmer und Betreiber von Conner-Pantyhose.com und allen verbundenen Websites und zugeh\u00f6rigen mobilen Versionen. Wir stellen Ihnen ein zuverl\u00e4ssiges System zur Verf\u00fcgung, um Verst\u00f6\u00dfe gegen unsere Nutzungsvereinbarung sowie illegale oder nicht einvernehmliche Inhalte zu melden. Wir versprechen dieses System auf faire und angemessene Weise so effizient und schnell wie m\u00f6glich zu betreiben. Wir bem\u00fchen uns, alle Meldungen innerhalb von sieben (7) Werktagen zu l\u00f6sen und stellen klare Richtlinien bereit, um zu verhindern, dass Probleme erneut auftreten. Wenn ein Versto\u00df vorliegt, werden wir die geeigneten Abhilfema\u00dfnahmen festlegen und die erforderlichen Ma\u00dfnahmen ergreifen. Als rechtswidrig eingestufte Inhalte werden umgehend entfernt. In F\u00e4llen, in denen Einwilligungsstreitigkeiten nicht intern gel\u00f6st werden k\u00f6nnen, werden solche Streitigkeiten auf unsere Kosten einer neutralen Schlichtungsstelle vorgelegt. Sobald eine Ma\u00dfnahme ergriffen wird oder weitere Informationen von Ihnen ben\u00f6tigt werden, werden wir Sie per E-Mail kontaktieren.<\/p>\n<p>Name des Dienstleisters:<br \/>\nConner-Pantyhose.com<br \/>\nKontaktinformationen:<br \/>\n<u>support@Conner-Pantyhose.com<\/u><br \/>\n<\/font><\/p>","protected":false},"excerpt":{"rendered":"<p>Conner Pantyhose ist der Eigent\u00fcmer und Betreiber von Conner-Pantyhose.com und allen verbundenen Websites und zugeh\u00f6rigen mobilen Versionen. Wir stellen Ihnen ein zuverl\u00e4ssiges System zur Verf\u00fcgung, um Verst\u00f6\u00dfe gegen unsere Nutzungsvereinbarung sowie illegale oder nicht einvernehmliche Inhalte zu melden. Wir versprechen dieses System auf faire und angemessene Weise so effizient und schnell wie m\u00f6glich zu betreiben. [&hellip;]<\/p>\n","protected":false},"author":1,"featured_media":0,"parent":0,"menu_order":0,"comment_status":"closed","ping_status":"closed","template":"","meta":{"footnotes":""},"class_list":["post-8393","page","type-page","status-publish","hentry"],"_links":{"self":[{"href":"https:\/\/www.conner-pantyhose.com\/de\/wp-json\/wp\/v2\/pages\/8393","targetHints":{"allow":["GET"]}}],"collection":[{"href":"https:\/\/www.conner-pantyhose.com\/de\/wp-json\/wp\/v2\/pages"}],"about":[{"href":"https:\/\/www.conner-pantyhose.com\/de\/wp-json\/wp\/v2\/types\/page"}],"author":[{"embeddable":true,"href":"https:\/\/www.conner-pantyhose.com\/de\/wp-json\/wp\/v2\/users\/1"}],"replies":[{"embeddable":true,"href":"https:\/\/www.conner-pantyhose.com\/de\/wp-json\/wp\/v2\/comments?post=8393"}],"version-history":[{"count":11,"href":"https:\/\/www.conner-pantyhose.com\/de\/wp-json\/wp\/v2\/pages\/8393\/revisions"}],"predecessor-version":[{"id":8421,"href":"https:\/\/www.conner-pantyhose.com\/de\/wp-json\/wp\/v2\/pages\/8393\/revisions\/8421"}],"wp:attachment":[{"href":"https:\/\/www.conner-pantyhose.com\/de\/wp-json\/wp\/v2\/media?parent=8393"}],"curies":[{"name":"wp","href":"https:\/\/api.w.org\/{rel}","templated":true}]}}