{"id":8389,"date":"2022-09-30T17:02:10","date_gmt":"2022-09-30T15:02:10","guid":{"rendered":"https:\/\/www.conner-pantyhose.com\/?page_id=8389"},"modified":"2025-01-20T12:39:30","modified_gmt":"2025-01-20T11:39:30","slug":"terms-and-conditions","status":"publish","type":"page","link":"https:\/\/www.conner-pantyhose.com\/de\/terms-and-conditions\/","title":{"rendered":"Nutzungsbedingungen"},"content":{"rendered":"<p><b><u>NUTZUNGSBEDINGUNGEN<\/b><\/u><\/p>\n<p><b>I. Allgemeines <\/b><br \/>\n1. Die Internetseite wird durch den im Impressum genannten Betreiber betreut. Dieser \u00fcbernimmt die rechtliche Verantwortung f\u00fcr den Seiteninhalt. Gleichzeitig gilt er als Ansprechpartner f\u00fcr Anfragen durch Nutzer \u2013 insbesondere f\u00fcr Fragen bez\u00fcglich von Zahlungen und Leistungen.<br \/>\n2. Der Betreiber garantiert nicht f\u00fcr eine st\u00e4ndige Verf\u00fcgbarkeit des Internetangebotes. Er wird jedoch bem\u00fcht sein, die st\u00e4ndige Verf\u00fcgbarkeit sicher zu stellen.<br \/>\n3. Der Betreiber ist in jedem Fall nicht f\u00fcr externe Verlinkungen verantwortlich. Er wird diese aber umgehend nach Kenntnis \u00fcber eine eventuelle rechtliche Bedenklichkeit entfernen.<br \/>\n4. Die Internetseite ist f\u00fcr die Nutzung mit Standard-Browsern (HTML2 kompatibel) ausgelegt. Die optimalste Bildschirm-Aufl\u00f6sung liegt bei 1280 x 800, die minimalste Bildschirm-Aufl\u00f6sung liegt bei 1024 x 600. Etwaig beim Benutzer installierte Toolbars sind ggf. zu ber\u00fccksichtigen. Ferner wird insbesondere f\u00fcr Video-Angebote eine DSL-Anbindung vorausgesetzt.<br \/>\n5. S\u00e4mtlicher Content auf der Internetseite unterliegt dem Copyright des Betreibers und darf ohne ausdr\u00fcckliche schriftliche Genehmigung des Betreibers nicht anderweitig genutzt oder ver\u00f6ffentlicht werden.<\/p>\n<p><b>II. Registrierung des Nutzers auf der Internetseite <\/b><br \/>\n1. Durch die Registrierung auf der Internetseite werden diese Nutzungsbedingungen (NUB\u2019s) im vollen und uneingeschr\u00e4nkten Umfang anerkannt.<br \/>\n2. Die Registrierung auf der Internetseite ist nur vollj\u00e4hrigen Personen gestattet.<br \/>\n3. Der Benutzername und das Passwort wird bei der Registrierung automatisch vergeben. Das Passwort ist vertraulich und darf nicht an Dritte weiter gegeben werden.<br \/>\n5. Insbesondere ist Minderj\u00e4hrigen in keiner Form Zugang zu der Internetseite zu verschaffen bzw. zu erm\u00f6glichen.<br \/>\n6. Der Betreiber der Internetseite beh\u00e4lt sich vor, registrieren Benutzern gelegentlich und in unregelm\u00e4\u00dfigen Abst\u00e4nden Informationen zum Internetangebot des Betreibers via eMail zukommen zu lassen. Diese NewsLetter sind jederzeit unabh\u00e4ngig von der Registrierung abbestellbar.<\/p>\n<p><b>III. Bezahlung kostenpflichtiger Leistungen<\/b><br \/>\n1. Um kostenpflichtige Leistungen (Bildergalerien und Videos) auf der Internetseite nutzen zu k\u00f6nnen ist die Zahlung an einen externe Zahlungs-Dienstleister (z.B. CC-Bill) notwendig.<br \/>\n2. Die Kaufabsicht durch den Benutzer kommt durch einfache Best\u00e4tigung des entsprechenden Buttons nach der Auswahl des gew\u00fcnschten Tarifes in Abh\u00e4ngigkeit der gew\u00e4hlten Zahlungsart verbindlich zu Stande.<br \/>\n3. W\u00e4hrend des Zahlungsvorgangs bis zum endg\u00fcltigen Abschluss der kompletten Zahlung hat der Betreiber die Forderungen an den jeweiligen Zahlungs-Dienstleister abgetreten. Dies gilt auch f\u00fcr ein eventuelles Inkasso, welches auf Grund z.B. von R\u00fccklastschriften oder Nichteinl\u00f6sungen von Zahlungen eingeleitet wird.<br \/>\n4. Die bei dem Zahlungs-Dienstleister angegebenen pers\u00f6nlichen Daten \u2013 insbesondere Kreditkarten- und Kontoinformationen werden ausschlie\u00dflich bei diesem entsprechend den gesetzlichen Regelungen gespeichert und verarbeitet.<br \/>\n5. Es gelten bez\u00fcglich der Zahlungen die Bedingungen des jeweiligen Zahlungs-Dienstleisters.<br \/>\n6. Bei einer erfolgreichen Zahlung und sofortiger elektronischen Benachrichtigung durch den Zahlungs-Dienstleister, wird unverz\u00fcglich der Zugang zum Mitgliederbereich freigegeben.<\/p>\n<p><b>IV. Sonstiges <\/b><br \/>\n1. Der Benutzer nimmt zur Kenntnis, dass er bei Nichteinhaltung dieser Nutzungsbedingungen mit rechtlichen Konsequenzen zu rechnen hat.<br \/>\n2. Die Nutzung der Dienste von Conner-Pantyhose erfolgt auf eigenes Risiko. Insbesondere haftet der Betreiber der Internetseite nicht f\u00fcr Sch\u00e4den, inklusive solcher Sch\u00e4den, die aus Datenverlusten durch das Herunterladen bzw. die Nutzung von Software, multimedialen Inhalten oder anderen Inhalten entstehen k\u00f6nnen.<br \/>\n3. Der Betreiber der Internetseite haftet unabh\u00e4ngig vom Rechtsgrund nur f\u00fcr Sch\u00e4den, die durch ihn vors\u00e4tzlich oder grob fahrl\u00e4ssig verursacht wurden. Die Haftungsh\u00f6he ist auf die H\u00f6he beschr\u00e4nkt, die der Benutzer f\u00fcr die Leistung entrichtet hat. Dar\u00fcber hinaus gehende Schadensersatzanspr\u00fcche auch f\u00fcr etwaige Folgesch\u00e4den sind ausdr\u00fccklich ausgeschlossen.<br \/>\n4. Dem Benutzer ist bekannt, dass Verbindungsdaten zu statistischen Zwecken, als auch bei kostenpflichtigen Leistungen zum Leistungsnachweis gespeichert werden. Ferner werden sicherheitstechnisch unbedenkliche Cookies auf der Festplatte des Benutzers gespeichert. S\u00e4mtliche, durch den Betreibers gespeicherten Daten werden nicht an Dritte weitergegeben.<br \/>\n5. Auf der Internetseite genannte Marken sind Eigentum der jeweiligen Markeninhaber.<br \/>\n6. Es gilt Recht des Gesch\u00e4ftssitzes des Betreibers der Internetseite \u2013 gleichfalls gilt als Gerichtsstand der Sitz des Betreiber als vereinbart.<\/p>","protected":false},"excerpt":{"rendered":"<p>NUTZUNGSBEDINGUNGEN I. Allgemeines 1. Die Internetseite wird durch den im Impressum genannten Betreiber betreut. Dieser \u00fcbernimmt die rechtliche Verantwortung f\u00fcr den Seiteninhalt. Gleichzeitig gilt er als Ansprechpartner f\u00fcr Anfragen durch Nutzer \u2013 insbesondere f\u00fcr Fragen bez\u00fcglich von Zahlungen und Leistungen. 2. Der Betreiber garantiert nicht f\u00fcr eine st\u00e4ndige Verf\u00fcgbarkeit des Internetangebotes. Er wird jedoch bem\u00fcht [&hellip;]<\/p>\n","protected":false},"author":1,"featured_media":0,"parent":0,"menu_order":0,"comment_status":"closed","ping_status":"closed","template":"","meta":{"footnotes":""},"class_list":["post-8389","page","type-page","status-publish","hentry"],"_links":{"self":[{"href":"https:\/\/www.conner-pantyhose.com\/de\/wp-json\/wp\/v2\/pages\/8389","targetHints":{"allow":["GET"]}}],"collection":[{"href":"https:\/\/www.conner-pantyhose.com\/de\/wp-json\/wp\/v2\/pages"}],"about":[{"href":"https:\/\/www.conner-pantyhose.com\/de\/wp-json\/wp\/v2\/types\/page"}],"author":[{"embeddable":true,"href":"https:\/\/www.conner-pantyhose.com\/de\/wp-json\/wp\/v2\/users\/1"}],"replies":[{"embeddable":true,"href":"https:\/\/www.conner-pantyhose.com\/de\/wp-json\/wp\/v2\/comments?post=8389"}],"version-history":[{"count":13,"href":"https:\/\/www.conner-pantyhose.com\/de\/wp-json\/wp\/v2\/pages\/8389\/revisions"}],"predecessor-version":[{"id":8874,"href":"https:\/\/www.conner-pantyhose.com\/de\/wp-json\/wp\/v2\/pages\/8389\/revisions\/8874"}],"wp:attachment":[{"href":"https:\/\/www.conner-pantyhose.com\/de\/wp-json\/wp\/v2\/media?parent=8389"}],"curies":[{"name":"wp","href":"https:\/\/api.w.org\/{rel}","templated":true}]}}