{"id":6961,"date":"2014-05-01T10:34:20","date_gmt":"2014-05-01T08:34:20","guid":{"rendered":"https:\/\/www.conner-pantyhose.com\/?page_id=6961"},"modified":"2024-07-02T15:29:38","modified_gmt":"2024-07-02T13:29:38","slug":"billing-support","status":"publish","type":"page","link":"https:\/\/www.conner-pantyhose.com\/de\/billing-support\/","title":{"rendered":"Billing Support"},"content":{"rendered":"<p><\/p>\n<div class=\"footer double-stroke-top\">\n<div class=\"content-container\">\n<div class=\"nav\">\nWenn Sie Ihre Mitgliedschaft k\u00fcndigen m\u00f6chten oder den Abrechnungsdienstleister kontaktieren m\u00f6chten, dann klicken Sie auf<br \/><a href=\"https:\/\/support.ccbill.com\/\" rel=\"noopener\" target=\"_blank\"><strong><u><\/p>\n<ul>\nf\u00fcr den CC-Bill Support<\/u><\/ul>\n<p><\/strong> <\/a> oder <br \/><a href=\"https:\/\/www.epoch.com\/\" rel=\"noopener\" target=\"_blank\"><strong><\/p>\n<ul><u>f\u00fcr den Epoch Support<\/strong><\/ul>\n<p><\/u><\/a>\n<\/div>\n<\/div>\n<\/div>\n<p><\/p>","protected":false},"excerpt":{"rendered":"<p>Wenn Sie Ihre Mitgliedschaft k\u00fcndigen m\u00f6chten oder den Abrechnungsdienstleister kontaktieren m\u00f6chten, dann klicken Sie auf f\u00fcr den CC-Bill Support oder f\u00fcr den Epoch Support<\/p>\n","protected":false},"author":1,"featured_media":0,"parent":0,"menu_order":0,"comment_status":"closed","ping_status":"closed","template":"","meta":{"footnotes":""},"class_list":["post-6961","page","type-page","status-publish","hentry"],"_links":{"self":[{"href":"https:\/\/www.conner-pantyhose.com\/de\/wp-json\/wp\/v2\/pages\/6961","targetHints":{"allow":["GET"]}}],"collection":[{"href":"https:\/\/www.conner-pantyhose.com\/de\/wp-json\/wp\/v2\/pages"}],"about":[{"href":"https:\/\/www.conner-pantyhose.com\/de\/wp-json\/wp\/v2\/types\/page"}],"author":[{"embeddable":true,"href":"https:\/\/www.conner-pantyhose.com\/de\/wp-json\/wp\/v2\/users\/1"}],"replies":[{"embeddable":true,"href":"https:\/\/www.conner-pantyhose.com\/de\/wp-json\/wp\/v2\/comments?post=6961"}],"version-history":[{"count":21,"href":"https:\/\/www.conner-pantyhose.com\/de\/wp-json\/wp\/v2\/pages\/6961\/revisions"}],"predecessor-version":[{"id":8558,"href":"https:\/\/www.conner-pantyhose.com\/de\/wp-json\/wp\/v2\/pages\/6961\/revisions\/8558"}],"wp:attachment":[{"href":"https:\/\/www.conner-pantyhose.com\/de\/wp-json\/wp\/v2\/media?parent=6961"}],"curies":[{"name":"wp","href":"https:\/\/api.w.org\/{rel}","templated":true}]}}